{"id":7042,"date":"2019-01-21T09:46:31","date_gmt":"2019-01-21T09:46:31","guid":{"rendered":"https:\/\/davias.es\/?page_id=7042"},"modified":"2019-01-21T09:47:05","modified_gmt":"2019-01-21T09:47:05","slug":"privacy-policy-2","status":"publish","type":"page","link":"https:\/\/davias.es\/en\/privacy-policy-2\/","title":{"rendered":"Privacy Policy"},"content":{"rendered":"<p>[vc_row full_width=&#8221;stretch_row&#8221; css=&#8221;.vc_custom_1536655401674{padding-top: 0px !important;}&#8221; parallax_background_image=&#8221;5837&#8243;][vc_column]<div class=\"eltdf-elements-holder   eltdf-one-column  eltdf-responsive-mode-768 \" ><div class=\"eltdf-eh-item     \"  data-item-class=\"eltdf-eh-custom-3768\" data-1366-1600=\"120px 0 100px 0\" data-1024-1366=\"120px 0 100px 0\" data-768-1024=\"120px 0 100px 0\" data-680-768=\"120px 0 100px 0\" data-680=\"120px 0 100px 0\">\n\t\t<div class=\"eltdf-eh-item-inner\">\n\t\t<div class=\"eltdf-eh-item-content eltdf-eh-custom-3768\" style=\"padding: 120px 0 100px 0\">\n\t\t\t<h2 class=\"eltdf-custom-font-holder  eltdf-cf-6444  \" style=\"font-family: Open Sans;font-size: 90px;letter-spacing: 0.22em;text-transform: uppercase;text-align: center;color: #ffffff\" data-item-class=\"eltdf-cf-6444\" data-font-size-680=\"60px\">\n\tPrivacy Policy<\/h2>\t\t<\/div>\n\t<\/div>\n<\/div>\n\n<\/div>[\/vc_column][\/vc_row][vc_row full_width=&#8221;stretch_row&#8221;][vc_column][vc_empty_space height=&#8221;50px&#8221;][vc_column_text]<\/p>\n<h4 class=\"politicas-title\"><b>I. POL\u00cdTICA DE PRIVACIDAD Y PROTECCI\u00d3N DE DATOS<\/b><\/h4>\n<p>&nbsp;<\/p>\n<p>Respetando lo establecido en la legislaci\u00f3n vigente, DAVIAS INTERIORISMO S.L. (en adelante, STUDIO DAVIAS) se compromete a adoptar las medidas t\u00e9cnicas y organizativas necesarias, seg\u00fan el nivel de seguridad adecuado al riesgo de los datos recogidos.<\/p>\n<h5><\/h5>\n<h5>Normativa que incorpora esta pol\u00edtica de privacidad<\/h5>\n<p>Esta pol\u00edtica de privacidad est\u00e1 adaptada a la normativa espa\u00f1ola y europea vigente en materia de protecci\u00f3n de datos personales en internet. En concreto, la misma respeta las siguientes normas:<\/p>\n<ul>\n<li>\u00a0El Reglamento (UE) 2016\/679 del Parlamento Europeo y del Consejo, de 27 de abril de 2016, relativo a la protecci\u00f3n de las personas f\u00edsicas en lo que respecta al tratamiento de datos personales y a la libre circulaci\u00f3n de estos datos (RGPD).<\/li>\n<li>La Ley Org\u00e1nica 3\/2018, de 5 de diciembre, de Protecci\u00f3n de Datos Personales y garant\u00eda de los derechos digitales (LOPDGDD).<\/li>\n<li>La Ley 34\/2002, de 11 de julio, de Servicios de la Sociedad de la Informaci\u00f3n y de Comercio Electr\u00f3nico (LSSI-CE).<\/li>\n<\/ul>\n<h5><\/h5>\n<h5>Identidad del responsable del tratamiento de los datos personales<\/h5>\n<ul>\n<li>DAVIAS INTERIORISMO S.L., con NIF B14821094, domicilio en Carretera C\u00f3rdoba-M\u00e1laga Km. 75, 14900 Lucena (C\u00f3rdoba).<\/li>\n<li>E-mail: info@davias.es , Tel\u00e9fono de Contacto: 957 50 90 86.<\/li>\n<\/ul>\n<h5><\/h5>\n<h5>Finalidades y base de legitimaci\u00f3n de los datos personales<\/h5>\n<p>La aceptaci\u00f3n de esta Pol\u00edtica de Privacidad significa que el Usuario faculta a STUDIO DAVIAS, para realizar el tratamiento de sus datos e incluirlos en un registro de tratamientos de su responsabilidad, para los fines estipulados a continuaci\u00f3n:<\/p>\n<ul>\n<li>Contacto: El usuario puede ponerse en contacto con STUDIO DAVIAS, a trav\u00e9s del formulario establecido a tal efecto en el Sitio Web. Para ello, deber\u00e1 facilitar informaci\u00f3n sobre el tipo de consulta, su nombre, apellidos, y su direcci\u00f3n de correo electr\u00f3nico, as\u00ed como el motivo de la consulta que desea realizar. STUDIO DAVIAS utilizar\u00e1 esos datos para tramitar la consulta y contactar con el Usuario. La base jur\u00eddica del tratamiento de tales datos se sustenta en el consentimiento del Usuario.<\/li>\n<li>\u00a0Cookies: El sitio web dispone de tecnolog\u00eda para la implantaci\u00f3n de archivos denominados cookies en el equipo que sea utilizado para el acceso y navegaci\u00f3n por el Sitio Web. Si desea m\u00e1s informaci\u00f3n puede consultar nuestra Pol\u00edtica de Cookies.<\/li>\n<\/ul>\n<p>La base jur\u00eddica del tratamiento de tales datos se sustenta en el consentimiento del usuario.<\/p>\n<h5><\/h5>\n<h5>Plazos de conservaci\u00f3n de los datos personales<\/h5>\n<p>Los datos personales a los que se tenga acceso en virtud de la relaci\u00f3n del usuario con STUDIO DAVIAS se tratar\u00e1n mientras resulten precisos para la gesti\u00f3n de las finalidades informadas. En este sentido, STUDIO DAVIAS conservar\u00e1 los datos personales una vez terminada su relaci\u00f3n con el usuario, debidamente bloqueados, durante el plazo de prescripci\u00f3n de las acciones que pudieran derivarse de la relaci\u00f3n mantenida con el interesado.<\/p>\n<p>Una vez bloqueados, los datos resultar\u00e1n inaccesibles para STUDIO DAVIAS, y no ser\u00e1n tratados por \u00e9sta, excepto para su puesta a disposici\u00f3n a las Administraciones p\u00fablicas, Jueces y Tribunales, para la atenci\u00f3n de las posibles responsabilidades nacidas de los tratamientos, as\u00ed como para el ejercicio y defensa de reclamaciones ante la Agencia Espa\u00f1ola de Protecci\u00f3n de Datos.<\/p>\n<h5><\/h5>\n<h5>Tratamiento de datos personales en redes sociales<\/h5>\n<p>Al ser usuario de una red social e interactuar con alg\u00fan perfil o p\u00e1gina de STUDIO DAVIAS, trataremos los datos del usuario seg\u00fan lo indicado a continuaci\u00f3n:<\/p>\n<ul>\n<li>Finalidad del tratamiento: Tratamos los datos para poder interactuar con el usuario de manera normal seg\u00fan las pol\u00edticas de la red social, y para gestionar nuestras comunidades virtuales de acuerdo a las pol\u00edticas de cada red social y a nuestros intereses (tanto del usuario como de STUDIO DAVIAS).<\/li>\n<li>Base legal del tratamiento: STUDIO DAVIAS tiene un inter\u00e9s leg\u00edtimo para tratar los datos del usuario dentro del funcionamiento de la red social para resolver las consultas, dudas, etc. que \u00e9ste plantee a trav\u00e9s de la red social, as\u00ed como para interactuar dentro del funcionamiento normal de la red social.<\/li>\n<li>Destinatarios de los datos: Ning\u00fan tercero tendr\u00e1 acceso, a trav\u00e9s de STUDIO DAVIAS, a los datos del usuario de la red social.<\/li>\n<li>Per\u00edodo de conservaci\u00f3n de los datos: Conservaremos los datos del usuario \u00fanicamente durante el tiempo necesario para resolver su duda, o durante el tiempo que dure la interacci\u00f3n. Hay que tener en cuenta que, si bien SUTDIO DAVIAS no guardar\u00e1<\/li>\n<li>espec\u00edficamente estos datos, los datos podr\u00edan permanecer en la red social seg\u00fan la pol\u00edtica de funcionamiento de cada red social espec\u00edfica.<\/li>\n<\/ul>\n<h5><\/h5>\n<h5>Derechos derivados del tratamiento de los datos personales<\/h5>\n<p>El usuario podr\u00e1 ejercer sus derechos de acceso, rectificaci\u00f3n, cancelaci\u00f3n, limitaci\u00f3n del tratamiento y portabilidad de los datos en los casos y con el alcance que establezca la normativa aplicable en cada momento. Tambi\u00e9n tiene derecho a retirar el consentimiento si lo hubiera prestado y a oponerse a recibir comunicaciones comerciales.<\/p>\n<p>Para ejercer estos derechos podr\u00e1 dirigirse a STUDIO DAVIAS por alguno de los siguientes canales:<\/p>\n<ul>\n<li>Correo postal, adjuntando fotocopia de su D.N.I., pasaporte o cualquier otro documento identificativo, y petici\u00f3n en que se concrete la solicitud a, Davias Interiorismo S.L., Ctra. C\u00f3rdoba-M\u00e1laga Km. 75, C.P. 14900 Lucena (C\u00f3rdoba).<\/li>\n<li>Correo electr\u00f3nico a la direcci\u00f3n info@davias.es con la siguiente informaci\u00f3n: nombre y apellidos del interesado, domicilio a efectos de notificaciones, fotocopia del Documento Nacional de Identidad, pasaporte o cualquier otro documento identificativo, y petici\u00f3n en que se concrete la solicitud.<\/li>\n<\/ul>\n<p>Se le informa, asimismo, de su derecho a presentar una reclamaci\u00f3n ante la Agencia Espa\u00f1ola de Protecci\u00f3n de Datos (como Autoridad de Control competente del Estado Espa\u00f1ol), cuando no haya obtenido satisfacci\u00f3n en el ejercicio de sus derechos.<\/p>\n<h5><\/h5>\n<h5><\/h5>\n<h5>Secreto y seguridad de los datos personales<\/h5>\n<p>STUDIO DAVIAStratar\u00e1 los datos del Usuario en todo momento de forma absolutamente confidencial y guardando el secreto de los mismos, de conformidad con lo previsto en la normativa de aplicaci\u00f3n, adoptando al efecto las medidas de \u00edndole t\u00e9cnico-organizativa necesarias que garanticen la seguridad de sus datos y eviten su alteraci\u00f3n, p\u00e9rdida, tratamiento o acceso no autorizado, habida cuenta del estado de la tecnolog\u00eda, la naturaleza de los datos almacenados y los riesgos a que est\u00e1n expuestos.<\/p>\n<p>El Sitio Web cuenta con un certificado SSL (Secure Socket Layer), que asegura que los datos personales se transmiten de forma segura y confidencial, al ser la transmisi\u00f3n de los datos entre el servidor y el Usuario, y en retroalimentaci\u00f3n, totalmente cifrada o encriptada.<\/p>\n<p>&nbsp;<\/p>\n<h5>Cambios en la Pol\u00edtica de Privacidad<\/h5>\n<p>Para garantizar que nuestras directrices de protecci\u00f3n de datos cumplan siempre con los requisitos legales actuales, STUDIO DAVIAS se reserva el derecho de realizar cambios para estar en todo momento, adecuado a la legislaci\u00f3n vigente. \u00daltima actualizaci\u00f3n: 10 de enero de 2019.[\/vc_column_text][\/vc_column][\/vc_row]<\/p>\n","protected":false},"excerpt":{"rendered":"<p>[vc_row full_width=&#8221;stretch_row&#8221; css=&#8221;.vc_custom_1536655401674{padding-top: 0px !important;}&#8221; parallax_background_image=&#8221;5837&#8243;][vc_column][\/vc_column][\/vc_row][vc_row full_width=&#8221;stretch_row&#8221;][vc_column][vc_empty_space height=&#8221;50px&#8221;][vc_column_text] I. POL\u00cdTICA DE PRIVACIDAD Y PROTECCI\u00d3N DE DATOS &nbsp; Respetando lo establecido [&hellip;]<\/p>\n","protected":false},"author":17,"featured_media":0,"parent":0,"menu_order":0,"comment_status":"closed","ping_status":"closed","template":"","meta":{"footnotes":""},"class_list":["post-7042","page","type-page","status-publish","hentry"],"_links":{"self":[{"href":"https:\/\/davias.es\/en\/wp-json\/wp\/v2\/pages\/7042"}],"collection":[{"href":"https:\/\/davias.es\/en\/wp-json\/wp\/v2\/pages"}],"about":[{"href":"https:\/\/davias.es\/en\/wp-json\/wp\/v2\/types\/page"}],"author":[{"embeddable":true,"href":"https:\/\/davias.es\/en\/wp-json\/wp\/v2\/users\/17"}],"replies":[{"embeddable":true,"href":"https:\/\/davias.es\/en\/wp-json\/wp\/v2\/comments?post=7042"}],"version-history":[{"count":2,"href":"https:\/\/davias.es\/en\/wp-json\/wp\/v2\/pages\/7042\/revisions"}],"predecessor-version":[{"id":7044,"href":"https:\/\/davias.es\/en\/wp-json\/wp\/v2\/pages\/7042\/revisions\/7044"}],"wp:attachment":[{"href":"https:\/\/davias.es\/en\/wp-json\/wp\/v2\/media?parent=7042"}],"curies":[{"name":"wp","href":"https:\/\/api.w.org\/{rel}","templated":true}]}}